{"id":120,"date":"2017-04-01T23:21:35","date_gmt":"2017-04-01T23:21:35","guid":{"rendered":"https:\/\/demos.wolfthemes.com\/mitra\/?page_id=120"},"modified":"2020-06-29T09:56:13","modified_gmt":"2020-06-29T09:56:13","slug":"our-winery","status":"publish","type":"page","link":"https:\/\/acoroa.com\/eng\/our-winery\/","title":{"rendered":"Our Winery"},"content":{"rendered":"<p>[vc_row equal_height=&#8221;&#8221; background_type=&#8221;image&#8221; background_color=&#8221;lightergrey&#8221; gap=&#8221;35&#8243; overlay=&#8221;yes&#8221; full_width=&#8221;stretch_row&#8221;][vc_column][vc_column_text]<img loading=\"lazy\" class=\"alignright size-full wp-image-3674\" src=\"https:\/\/acoroa.com\/eng\/wp-content\/uploads\/2020\/06\/A-Coroa-Ant.jpg\" alt=\"\" width=\"220\" height=\"292\" \/><\/p>\n<h3>History<\/h3>\n<p style=\"text-align: justify;\">Located in Galicia, right at the heart of Valdeorras\u00b4 region, A Coroa Winery was erected in the 18th century in a magical place, rising out of a crown-shaped promontory that gives it its name. Built on the ruins of an ancient Roman fort and surrounded by vineyards, where there still flourish vestiges of its history.<\/p>\n<p style=\"text-align: justify;\">Considered one of the oldest wineries in Galicia, A Coroa&#8217;s first project was born around 1750, and sprang from the romance between an overseas general and a beautiful native, her land and her wines.<\/p>\n<p style=\"text-align: justify;\">The love for Valdeorras, its people and its history, is reflected in the wine that is produced there, that already extolled the name of A Coroa in the old Madrid.<\/p>\n<p style=\"text-align: justify;\">In 2002, from the union of Roberto Fern\u00e1ndez Garc\u00eda with the fourth generation of the winegrowers\u00b4 family L\u00f3pez Vicente, the new A Coroa is born and founded, a tribute to its ancestors, their effort, and their commitment.<\/p>\n<p style=\"text-align: justify;\"><img loading=\"lazy\" class=\"alignright wp-image-3679 size-full\" src=\"https:\/\/acoroa.com\/eng\/wp-content\/uploads\/2020\/06\/A-coroa-Bodega-antigua.jpg\" alt=\"\" width=\"220\" height=\"161\" \/><\/p>\n<p style=\"text-align: justify;\">With the firm desire to produce only the highest quality wines, the original building is carefully re-stored using only indigenous materials integrated in the environment: stone, clay, wood and slate. The complex is also equipped with the most modern winemaking technology to safeguard the maximum expression and naturalness of the grape. Also, vineyards are recovered and acquired in the best grow-ing areas of Valdeorras.<\/p>\n<p>[\/vc_column_text][vc_separator el_width=&#8221;100%&#8221;][vc_column_text]<\/p>\n<h3>Present days<\/h3>\n<h3><img loading=\"lazy\" class=\"alignright wp-image-3685 size-full\" src=\"https:\/\/acoroa.com\/eng\/wp-content\/uploads\/2020\/06\/A-coroa-injerto.jpg\" alt=\"\" width=\"220\" height=\"165\" \/><\/h3>\n<p style=\"text-align: justify;\">Today, based on a rational and modern viticulture that takes advantage of the personality of the varie-ty Godello, we work convinced that the wine is mainly obtained in the vineyard.<\/p>\n<p style=\"text-align: justify;\">In A Coroa we base our work on 4 fundamental pillars, seeking a clear differentiation and a firm commitment to the highest quality:<\/p>\n<ul style=\"text-align: justify;\">\n<li>Heterogeneity of vineyards.<\/li>\n<li>Integrated Production.<\/li>\n<li>Controlled Production.<\/li>\n<li>Implementation of the most modern and current production systems.<\/li>\n<\/ul>\n<p style=\"text-align: justify;\"><img loading=\"lazy\" class=\"alignright size-full wp-image-3687\" src=\"https:\/\/acoroa.com\/eng\/wp-content\/uploads\/2020\/06\/A-Coroa-puesta-de-sol.jpg\" alt=\"\" width=\"220\" height=\"146\" \/>This is why A Coroa wines are present on the best tables in almost 20 countries of 4 continents, and backed by more than 100 international awards and mentions.<\/p>\n<p style=\"text-align: justify;\">Attached to the Valdeorras Designation of Origin, in <strong>A Coroa<\/strong> we make three single-varietal white wines from <strong>Godello<\/strong> and a very special red from <strong>Grenache<\/strong> grapes of century-old vines.<\/p>\n<p>[\/vc_column_text][vc_separator el_width=&#8221;100%&#8221;][vc_column_text]<\/p>\n<h3><img loading=\"lazy\" class=\"alignright size-full wp-image-3689\" src=\"https:\/\/acoroa.com\/eng\/wp-content\/uploads\/2020\/06\/A-Coroa_interior.jpg\" alt=\"\" width=\"220\" height=\"146\" \/>Production philosophy<\/h3>\n<p style=\"text-align: justify;\">Always looking for the maximum quality and naturalness of the Godello, in A Coroa we have the most modern winemaking equipment: manual sorting table, pneumatic press, tanks provided with automatic cooling, peristaltic pump and micro-filtration equipment.<\/p>\n<p style=\"text-align: justify;\">Convinced that a great wine is made in the vineyard, our production system focuses on a thorough and rational treatment of the fruit, using technology and respecting the heterogeneity of the land.<\/p>\n<p style=\"text-align: justify;\"><img loading=\"lazy\" class=\"alignright size-full wp-image-3690\" style=\"color: #666666;\" src=\"https:\/\/acoroa.com\/eng\/wp-content\/uploads\/2020\/06\/A-Coroa-interior.jpg\" alt=\"\" width=\"220\" height=\"146\" \/><\/p>\n<p style=\"text-align: justify;\">From our enologist \u00c1ngel S\u00e1nchez, a great connoisseur of the varieties and viticulture of Valdeorras thanks to his more than 25 years of experience in the region, we bet for a rational and modern viti-culture taking advantage of the personality of the Godello grape in order to offer our clients only the best elaborations.<\/p>\n<p>[\/vc_column_text][\/vc_column][\/vc_row][vc_row equal_height=&#8221;&#8221; disable_element=&#8221;yes&#8221; shift_y=&#8221;0&#8243; z_index=&#8221;0&#8243;][vc_column][vc_accordion][vc_accordion_tab icon_color=&#8221;accent&#8221; title=&#8221;Historia&#8221;][vc_column_text]<img loading=\"lazy\" class=\"alignright size-full wp-image-3674\" src=\"https:\/\/acoroa.com\/eng\/wp-content\/uploads\/2020\/06\/A-Coroa-Ant.jpg\" alt=\"\" width=\"220\" height=\"292\" \/><\/p>\n<p>Localizada en Galicia, en el coraz\u00f3n de Valdeorras, Adega <strong>A Coroa<\/strong> se erige desde el siglo XVIII en un lugar m\u00e1gico, un promontorio en forma de Corona que le da nombre, sobre las ruinas de un antiguo castro romanizado y rodeada de vi\u00f1edos donde todav\u00eda afloran vestigios de su historia.<\/p>\n<p>&nbsp;<\/p>\n<p>Considerada una de las bodegas m\u00e1s antiguas de Galicia, el primer proyecto de <strong>A Coroa<\/strong> nace alrededor de 1750 del amor de un general de ultramar por una bella oriunda, su tierra y sus vinos.<\/p>\n<p>&nbsp;<\/p>\n<p>Fue este amor por Valdeorras, sus gentes y su historia trasmitida a trav\u00e9s del vino, el que logr\u00f3 que el nombre de A Coroa ya fuera ensalzado en el Madrid de su \u00e9poca.<\/p>\n<p>&nbsp;<\/p>\n<p>En el a\u00f1o 2002, de la uni\u00f3n de Roberto Fern\u00e1ndez Garc\u00eda con la cuarta generaci\u00f3n de la familia de viticultores L\u00f3pez Vicente, nace y se funda la nueva A Coroa, un tributo a sus antepasados, a su esfuerzo y empe\u00f1o.<\/p>\n<p>&nbsp;<\/p>\n<p><img loading=\"lazy\" class=\"alignright wp-image-3679 size-full\" src=\"https:\/\/acoroa.com\/eng\/wp-content\/uploads\/2020\/06\/A-coroa-Bodega-antigua.jpg\" alt=\"\" width=\"220\" height=\"161\" \/><\/p>\n<p>Con el firme af\u00e1n de elaborar s\u00f3lo vinos de la m\u00e1s alta calidad, se restaura con cuidado mimo el edificio original, utilizando \u00fanicamente materiales aut\u00f3ctonos e integrados con el entorno:\u00a0piedra,\u00a0 barro, madera y pizarra. Se dota adem\u00e1s al conjunto de la m\u00e1s moderna tecnolog\u00eda de vinificaci\u00f3n para salvaguardar la m\u00e1xima expresi\u00f3n y naturalidad de la uva, y se recuperan y adquieren vi\u00f1edos en las mejores zonas de cultivo de Valdeorras.[\/vc_column_text][\/vc_accordion_tab][vc_accordion_tab icon_color=&#8221;accent&#8221; title=&#8221;Actualidad&#8221;][vc_column_text]<img loading=\"lazy\" class=\"alignright wp-image-3685 size-full\" src=\"https:\/\/acoroa.com\/eng\/wp-content\/uploads\/2020\/06\/A-coroa-injerto.jpg\" alt=\"\" width=\"220\" height=\"165\" \/>Hoy, fundamentados en una viticultura racional y moderna que aprovecha la personalidad de la variedad\u00a0<strong>Godello,<\/strong>\u00a0trabajamos convencidos de que el vino se consigue principalmente en el vi\u00f1edo.<\/p>\n<p>En A Coroa basamos nuestro trabajo en 4 pilares fundamentales, buscando una clara diferenciaci\u00f3n y una firme apuesta por la m\u00e1s alta calidad:<\/p>\n<ul>\n<li>Heterogeneidad de vi\u00f1edos.<\/li>\n<li>Producci\u00f3n Integrada<\/li>\n<li>Producci\u00f3n Controlada<\/li>\n<li>Implementaci\u00f3n de los m\u00e1s modernos y actuales sistemas de elaboraci\u00f3n<\/li>\n<\/ul>\n<p><img loading=\"lazy\" class=\"alignright size-full wp-image-3687\" src=\"https:\/\/acoroa.com\/eng\/wp-content\/uploads\/2020\/06\/A-Coroa-puesta-de-sol.jpg\" alt=\"\" width=\"220\" height=\"146\" \/>Es por ello que los vinos A Coroa se encuentran presentes en las mejores mesas de cerca de 20 pa\u00edses de 4 continentes y est\u00e1n avalados por m\u00e1s de 100 premios y menciones internacionales.<\/p>\n<p>Adscritos a la Denominaci\u00f3n de Origen Valdeorras, en A Coroa elaboramos tres blancos monovarietales de <strong>Godello<\/strong> y un tinto muy especial proveniente de uvas de <strong>Garnacha <\/strong><strong>Tintorera <\/strong>de cepas centenarias.[\/vc_column_text][\/vc_accordion_tab][vc_accordion_tab icon_color=&#8221;accent&#8221; title=&#8221;Filosof\u00eda de producci\u00f3n&#8221;][vc_column_text]<img loading=\"lazy\" class=\"alignright size-full wp-image-3689\" src=\"https:\/\/acoroa.com\/eng\/wp-content\/uploads\/2020\/06\/A-Coroa_interior.jpg\" alt=\"\" width=\"220\" height=\"146\" \/>Siempre buscando la m\u00e1xima calidad y\u00a0 naturalidad de la <strong>Godello<\/strong>, en A Coroa contamos con el m\u00e1s moderno equipo de vinificaci\u00f3n: mesa de selecci\u00f3n manual, prensa neum\u00e1tica, dep\u00f3sitos provistos de refrigeraci\u00f3n autom\u00e1tica, bomba perist\u00e1ltica y equipos de microfiltraci\u00f3n.<\/p>\n<p>&nbsp;<\/p>\n<p>Convencidos de que un gran vino se hace en el vi\u00f1edo, nuestro sistema de producci\u00f3n se centra en un trato minucioso y racional del fruto, utilizando la tecnolog\u00eda y respetando la heterogeneidad de los terrenos.<\/p>\n<p>&nbsp;<\/p>\n<p><img loading=\"lazy\" class=\"alignright size-full wp-image-3690\" style=\"color: #666666;\" src=\"https:\/\/acoroa.com\/eng\/wp-content\/uploads\/2020\/06\/A-Coroa-interior.jpg\" alt=\"\" width=\"220\" height=\"146\" \/><\/p>\n<p>A trav\u00e9s de nuestro en\u00f3logo \u00c1ngel S\u00e1nchez, gran conocedor de las variedades y la viticultura de Valdeorras gracias a sus m\u00e1s de 25 a\u00f1os de experiencia en la comarca, proponemos una viticultura racional y moderna donde aprovechamos la personalidad de la uva <strong>Godello<\/strong> en aras de ofrecer a nuestros clientes s\u00f3lo las mejores elaboraciones.[\/vc_column_text][\/vc_accordion_tab][\/vc_accordion][\/vc_column][\/vc_row][vc_row equal_height=&#8221;&#8221; disable_element=&#8221;yes&#8221; background_type=&#8221;image&#8221; background_color=&#8221;lightergrey&#8221; gap=&#8221;35&#8243; shift_y=&#8221;0&#8243; z_index=&#8221;0&#8243; overlay=&#8221;yes&#8221; full_width=&#8221;stretch_row&#8221;][vc_column width=&#8221;1\/2&#8243;][vc_accordion][vc_accordion_tab title=&#8221;Section 1&#8243;][vc_column_text]Sit. Velit tempor porttitor! Odio? Arcu tincidunt. Hac vel facilisis, vel. Sit platea, pid lectus in cum dictumst, mauris! Lacus natoque parturient facilisis odio sit hac lectus aenean, scelerisque?<\/p>\n<p>Lacus ut! Amet, pid et et, magnis arcu eu placerat ultrices porta quis pulvinar! Augue. Lacus aliquam, montes, platea in.[\/vc_column_text][\/vc_accordion_tab][vc_accordion_tab title=&#8221;Section 2&#8243;][vc_column_text]Et habitasse, aliquam elit, sagittis integer? Vut in natoque nisi amet, amet dictumst in dis in adipiscing et montes turpis, augue rhoncus sit urna vel platea! Elementum et, urna sed? Tincidunt pulvinar in augue! Augue! Sociis! Sit augue, ut et etiam sociis mattis in pulvinar nec magna adipiscing, augue cras.[\/vc_column_text][\/vc_accordion_tab][\/vc_accordion][\/vc_column][vc_column width=&#8221;1\/2&#8243;][vc_accordion][vc_accordion_tab title=&#8221;Section 1&#8243;][vc_column_text]Sit. Velit tempor porttitor! Odio? Arcu tincidunt. Hac vel facilisis, vel. Sit platea, pid lectus in cum dictumst, mauris! Lacus natoque parturient facilisis odio sit hac lectus aenean, scelerisque?<\/p>\n<p>Lacus ut! Amet, pid et et, magnis arcu eu placerat ultrices porta quis pulvinar! Augue. Lacus aliquam, montes, platea in.[\/vc_column_text][\/vc_accordion_tab][vc_accordion_tab title=&#8221;Section 2&#8243;][vc_column_text]Et habitasse, aliquam elit, sagittis integer? Vut in natoque nisi amet, amet dictumst in dis in adipiscing et montes turpis, augue rhoncus sit urna vel platea! Elementum et, urna sed? Tincidunt pulvinar in augue! Augue! Sociis! Sit augue, ut et etiam sociis mattis in pulvinar nec magna adipiscing, augue cras.[\/vc_column_text][\/vc_accordion_tab][vc_accordion_tab title=&#8221;Section 3&#8243;][vc_column_text]Sit. Velit tempor porttitor! Odio? Arcu tincidunt. Hac vel facilisis, vel. Sit platea, pid lectus in cum dictumst, mauris! Lacus natoque parturient facilisis odio sit hac lectus aenean, scelerisque? Lacus ut! Amet, pid et et, magnis arcu eu placerat ultrices porta quis pulvinar! Augue. Lacus aliquam, montes, platea in.[\/vc_column_text][\/vc_accordion_tab][\/vc_accordion][\/vc_column][\/vc_row]<\/p>\n","protected":false},"excerpt":{"rendered":"<p>[vc_row equal_height=&#8221;&#8221; background_type=&#8221;image&#8221; background_color=&#8221;lightergrey&#8221; gap=&#8221;35&#8243; overlay=&#8221;yes&#8221; full_width=&#8221;stretch_row&#8221;][vc_column][vc_column_text] History Located in Galicia, right at the heart of Valdeorras\u00b4 region, A Coroa Winery was erected in the 18th century in a magical place, rising out of a crown-shaped promontory that gives it its name. Built on the ruins of an ancient Roman fort and surrounded by vineyards,&#8230;<\/p>\n<p><a rel=\"bookmark\" class=\"more-link\" href=\"https:\/\/acoroa.com\/eng\/our-winery\/\"><span>Continue reading<\/span><\/a><\/p>\n","protected":false},"author":1,"featured_media":0,"parent":0,"menu_order":0,"comment_status":"closed","ping_status":"closed","template":"","meta":{"spay_email":""},"yoast_head":"<!-- This site is optimized with the Yoast SEO plugin v15.9.2 - https:\/\/yoast.com\/wordpress\/plugins\/seo\/ -->\n<title>Our Winery - A Coroa<\/title>\n<meta name=\"robots\" content=\"index, follow, max-snippet:-1, max-image-preview:large, max-video-preview:-1\" \/>\n<link rel=\"canonical\" href=\"https:\/\/acoroa.com\/eng\/our-winery\/\" \/>\n<meta property=\"og:locale\" content=\"en_US\" \/>\n<meta property=\"og:type\" content=\"article\" \/>\n<meta property=\"og:title\" content=\"Our Winery - A Coroa\" \/>\n<meta property=\"og:description\" content=\"[vc_row equal_height=&#8221;&#8221; background_type=&#8221;image&#8221; background_color=&#8221;lightergrey&#8221; gap=&#8221;35&#8243; overlay=&#8221;yes&#8221; full_width=&#8221;stretch_row&#8221;][vc_column][vc_column_text] History Located in Galicia, right at the heart of Valdeorras\u00b4 region, A Coroa Winery was erected in the 18th century in a magical place, rising out of a crown-shaped promontory that gives it its name. Built on the ruins of an ancient Roman fort and surrounded by vineyards,...Continue reading\" \/>\n<meta property=\"og:url\" content=\"https:\/\/acoroa.com\/eng\/our-winery\/\" \/>\n<meta property=\"og:site_name\" content=\"A Coroa\" \/>\n<meta property=\"article:modified_time\" content=\"2020-06-29T09:56:13+00:00\" \/>\n<meta property=\"og:image\" content=\"https:\/\/acoroa.com\/eng\/wp-content\/uploads\/2020\/06\/A-Coroa-Ant.jpg\" \/>\n<meta name=\"twitter:card\" content=\"summary_large_image\" \/>\n<meta name=\"twitter:label1\" content=\"Est. reading time\">\n\t<meta name=\"twitter:data1\" content=\"8 minutes\">\n<script type=\"application\/ld+json\" class=\"yoast-schema-graph\">{\"@context\":\"https:\/\/schema.org\",\"@graph\":[{\"@type\":\"Organization\",\"@id\":\"https:\/\/acoroa.com\/eng\/#organization\",\"name\":\"Adega A Coroa\",\"url\":\"https:\/\/acoroa.com\/eng\/\",\"sameAs\":[],\"logo\":{\"@type\":\"ImageObject\",\"@id\":\"https:\/\/acoroa.com\/eng\/#logo\",\"inLanguage\":\"en-US\",\"url\":\"https:\/\/acoroa.com\/eng\/wp-content\/uploads\/2020\/06\/Adega-A-Coroa.png\",\"width\":300,\"height\":71,\"caption\":\"Adega A Coroa\"},\"image\":{\"@id\":\"https:\/\/acoroa.com\/eng\/#logo\"}},{\"@type\":\"WebSite\",\"@id\":\"https:\/\/acoroa.com\/eng\/#website\",\"url\":\"https:\/\/acoroa.com\/eng\/\",\"name\":\"A Coroa\",\"description\":\"100% Godello\",\"publisher\":{\"@id\":\"https:\/\/acoroa.com\/eng\/#organization\"},\"potentialAction\":[{\"@type\":\"SearchAction\",\"target\":\"https:\/\/acoroa.com\/eng\/?s={search_term_string}\",\"query-input\":\"required name=search_term_string\"}],\"inLanguage\":\"en-US\"},{\"@type\":\"ImageObject\",\"@id\":\"https:\/\/acoroa.com\/eng\/our-winery\/#primaryimage\",\"inLanguage\":\"en-US\",\"url\":\"https:\/\/acoroa.com\/eng\/wp-content\/uploads\/2020\/06\/A-Coroa-Ant.jpg\",\"width\":220,\"height\":292},{\"@type\":\"WebPage\",\"@id\":\"https:\/\/acoroa.com\/eng\/our-winery\/#webpage\",\"url\":\"https:\/\/acoroa.com\/eng\/our-winery\/\",\"name\":\"Our Winery - A Coroa\",\"isPartOf\":{\"@id\":\"https:\/\/acoroa.com\/eng\/#website\"},\"primaryImageOfPage\":{\"@id\":\"https:\/\/acoroa.com\/eng\/our-winery\/#primaryimage\"},\"datePublished\":\"2017-04-01T23:21:35+00:00\",\"dateModified\":\"2020-06-29T09:56:13+00:00\",\"breadcrumb\":{\"@id\":\"https:\/\/acoroa.com\/eng\/our-winery\/#breadcrumb\"},\"inLanguage\":\"en-US\",\"potentialAction\":[{\"@type\":\"ReadAction\",\"target\":[\"https:\/\/acoroa.com\/eng\/our-winery\/\"]}]},{\"@type\":\"BreadcrumbList\",\"@id\":\"https:\/\/acoroa.com\/eng\/our-winery\/#breadcrumb\",\"itemListElement\":[{\"@type\":\"ListItem\",\"position\":1,\"item\":{\"@type\":\"WebPage\",\"@id\":\"https:\/\/acoroa.com\/eng\/\",\"url\":\"https:\/\/acoroa.com\/eng\/\",\"name\":\"Home\"}},{\"@type\":\"ListItem\",\"position\":2,\"item\":{\"@type\":\"WebPage\",\"@id\":\"https:\/\/acoroa.com\/eng\/our-winery\/\",\"url\":\"https:\/\/acoroa.com\/eng\/our-winery\/\",\"name\":\"Our Winery\"}}]}]}<\/script>\n<!-- \/ Yoast SEO plugin. -->","_links":{"self":[{"href":"https:\/\/acoroa.com\/eng\/wp-json\/wp\/v2\/pages\/120"}],"collection":[{"href":"https:\/\/acoroa.com\/eng\/wp-json\/wp\/v2\/pages"}],"about":[{"href":"https:\/\/acoroa.com\/eng\/wp-json\/wp\/v2\/types\/page"}],"author":[{"embeddable":true,"href":"https:\/\/acoroa.com\/eng\/wp-json\/wp\/v2\/users\/1"}],"replies":[{"embeddable":true,"href":"https:\/\/acoroa.com\/eng\/wp-json\/wp\/v2\/comments?post=120"}],"version-history":[{"count":23,"href":"https:\/\/acoroa.com\/eng\/wp-json\/wp\/v2\/pages\/120\/revisions"}],"predecessor-version":[{"id":4125,"href":"https:\/\/acoroa.com\/eng\/wp-json\/wp\/v2\/pages\/120\/revisions\/4125"}],"wp:attachment":[{"href":"https:\/\/acoroa.com\/eng\/wp-json\/wp\/v2\/media?parent=120"}],"curies":[{"name":"wp","href":"https:\/\/api.w.org\/{rel}","templated":true}]}}